{"id":116,"date":"2024-09-24T08:48:56","date_gmt":"2024-09-24T08:48:56","guid":{"rendered":"https:\/\/hospitality.be\/home\/"},"modified":"2025-10-09T15:11:16","modified_gmt":"2025-10-09T15:11:16","slug":"home","status":"publish","type":"page","link":"https:\/\/hospitality.be\/fr\/","title":{"rendered":"Home"},"content":{"rendered":"","protected":false},"excerpt":{"rendered":"","protected":false},"author":1,"featured_media":0,"parent":0,"menu_order":5,"comment_status":"closed","ping_status":"closed","template":"template-home.blade.php","meta":{"_acf_changed":false,"inline_featured_image":false,"footnotes":""},"class_list":["post-116","page","type-page","status-publish","hentry"],"acf":[],"yoast_head":"<!-- This site is optimized with the Yoast SEO plugin v27.2 - https:\/\/yoast.com\/product\/yoast-seo-wordpress\/ -->\n<title>Hospitality by Zanzibar. L&#039;exp\u00e9rience d&#039;hospitalit\u00e9 ultime.<\/title>\n<meta name=\"description\" content=\"Hospitalit\u00e9 propose une s\u00e9lection unique et exclusive de forfaits sp\u00e9ciaux avec un service exceptionnel. D\u00e9couvrez nos \u00e9v\u00e9nements !\" \/>\n<meta name=\"robots\" content=\"index, follow, max-snippet:-1, max-image-preview:large, max-video-preview:-1\" \/>\n<link rel=\"canonical\" href=\"https:\/\/hospitality.be\/fr\/\" \/>\n<meta property=\"og:locale\" content=\"fr_FR\" \/>\n<meta property=\"og:type\" content=\"article\" \/>\n<meta property=\"og:title\" content=\"Hospitality by Zanzibar. L&#039;exp\u00e9rience d&#039;hospitalit\u00e9 ultime.\" \/>\n<meta property=\"og:description\" content=\"Hospitalit\u00e9 propose une s\u00e9lection unique et exclusive de forfaits sp\u00e9ciaux avec un service exceptionnel. D\u00e9couvrez nos \u00e9v\u00e9nements !\" \/>\n<meta property=\"og:url\" content=\"https:\/\/hospitality.be\/fr\/\" \/>\n<meta property=\"og:site_name\" content=\"Hospitality\" \/>\n<meta property=\"article:modified_time\" content=\"2025-10-09T15:11:16+00:00\" \/>\n<meta name=\"twitter:card\" content=\"summary_large_image\" \/>\n<script type=\"application\/ld+json\" class=\"yoast-schema-graph\">{\"@context\":\"https:\/\/schema.org\",\"@graph\":[{\"@type\":\"WebPage\",\"@id\":\"https:\/\/hospitality.be\/fr\/\",\"url\":\"https:\/\/hospitality.be\/fr\/\",\"name\":\"Hospitality by Zanzibar. L'exp\u00e9rience d'hospitalit\u00e9 ultime.\",\"isPartOf\":{\"@id\":\"https:\/\/hospitality.be\/fr\/#website\"},\"datePublished\":\"2024-09-24T08:48:56+00:00\",\"dateModified\":\"2025-10-09T15:11:16+00:00\",\"description\":\"Hospitalit\u00e9 propose une s\u00e9lection unique et exclusive de forfaits sp\u00e9ciaux avec un service exceptionnel. D\u00e9couvrez nos \u00e9v\u00e9nements !\",\"breadcrumb\":{\"@id\":\"https:\/\/hospitality.be\/fr\/#breadcrumb\"},\"inLanguage\":\"fr-FR\",\"potentialAction\":[{\"@type\":\"ReadAction\",\"target\":[\"https:\/\/hospitality.be\/fr\/\"]}]},{\"@type\":\"BreadcrumbList\",\"@id\":\"https:\/\/hospitality.be\/fr\/#breadcrumb\",\"itemListElement\":[{\"@type\":\"ListItem\",\"position\":1,\"name\":\"Home\",\"item\":\"https:\/\/hospitality.be\/fr\/\"},{\"@type\":\"ListItem\",\"position\":2,\"name\":\"Home\"}]},{\"@type\":\"WebSite\",\"@id\":\"https:\/\/hospitality.be\/fr\/#website\",\"url\":\"https:\/\/hospitality.be\/fr\/\",\"name\":\"Hospitality\",\"description\":\"\",\"potentialAction\":[{\"@type\":\"SearchAction\",\"target\":{\"@type\":\"EntryPoint\",\"urlTemplate\":\"https:\/\/hospitality.be\/fr\/?s={search_term_string}\"},\"query-input\":{\"@type\":\"PropertyValueSpecification\",\"valueRequired\":true,\"valueName\":\"search_term_string\"}}],\"inLanguage\":\"fr-FR\"}]}<\/script>\n<!-- \/ Yoast SEO plugin. -->","yoast_head_json":{"title":"Hospitality by Zanzibar. L'exp\u00e9rience d'hospitalit\u00e9 ultime.","description":"Hospitalit\u00e9 propose une s\u00e9lection unique et exclusive de forfaits sp\u00e9ciaux avec un service exceptionnel. D\u00e9couvrez nos \u00e9v\u00e9nements !","robots":{"index":"index","follow":"follow","max-snippet":"max-snippet:-1","max-image-preview":"max-image-preview:large","max-video-preview":"max-video-preview:-1"},"canonical":"https:\/\/hospitality.be\/fr\/","og_locale":"fr_FR","og_type":"article","og_title":"Hospitality by Zanzibar. L'exp\u00e9rience d'hospitalit\u00e9 ultime.","og_description":"Hospitalit\u00e9 propose une s\u00e9lection unique et exclusive de forfaits sp\u00e9ciaux avec un service exceptionnel. D\u00e9couvrez nos \u00e9v\u00e9nements !","og_url":"https:\/\/hospitality.be\/fr\/","og_site_name":"Hospitality","article_modified_time":"2025-10-09T15:11:16+00:00","twitter_card":"summary_large_image","schema":{"@context":"https:\/\/schema.org","@graph":[{"@type":"WebPage","@id":"https:\/\/hospitality.be\/fr\/","url":"https:\/\/hospitality.be\/fr\/","name":"Hospitality by Zanzibar. L'exp\u00e9rience d'hospitalit\u00e9 ultime.","isPartOf":{"@id":"https:\/\/hospitality.be\/fr\/#website"},"datePublished":"2024-09-24T08:48:56+00:00","dateModified":"2025-10-09T15:11:16+00:00","description":"Hospitalit\u00e9 propose une s\u00e9lection unique et exclusive de forfaits sp\u00e9ciaux avec un service exceptionnel. D\u00e9couvrez nos \u00e9v\u00e9nements !","breadcrumb":{"@id":"https:\/\/hospitality.be\/fr\/#breadcrumb"},"inLanguage":"fr-FR","potentialAction":[{"@type":"ReadAction","target":["https:\/\/hospitality.be\/fr\/"]}]},{"@type":"BreadcrumbList","@id":"https:\/\/hospitality.be\/fr\/#breadcrumb","itemListElement":[{"@type":"ListItem","position":1,"name":"Home","item":"https:\/\/hospitality.be\/fr\/"},{"@type":"ListItem","position":2,"name":"Home"}]},{"@type":"WebSite","@id":"https:\/\/hospitality.be\/fr\/#website","url":"https:\/\/hospitality.be\/fr\/","name":"Hospitality","description":"","potentialAction":[{"@type":"SearchAction","target":{"@type":"EntryPoint","urlTemplate":"https:\/\/hospitality.be\/fr\/?s={search_term_string}"},"query-input":{"@type":"PropertyValueSpecification","valueRequired":true,"valueName":"search_term_string"}}],"inLanguage":"fr-FR"}]}},"_links":{"self":[{"href":"https:\/\/hospitality.be\/fr\/wp-json\/wp\/v2\/pages\/116","targetHints":{"allow":["GET"]}}],"collection":[{"href":"https:\/\/hospitality.be\/fr\/wp-json\/wp\/v2\/pages"}],"about":[{"href":"https:\/\/hospitality.be\/fr\/wp-json\/wp\/v2\/types\/page"}],"author":[{"embeddable":true,"href":"https:\/\/hospitality.be\/fr\/wp-json\/wp\/v2\/users\/1"}],"replies":[{"embeddable":true,"href":"https:\/\/hospitality.be\/fr\/wp-json\/wp\/v2\/comments?post=116"}],"version-history":[{"count":1,"href":"https:\/\/hospitality.be\/fr\/wp-json\/wp\/v2\/pages\/116\/revisions"}],"predecessor-version":[{"id":126,"href":"https:\/\/hospitality.be\/fr\/wp-json\/wp\/v2\/pages\/116\/revisions\/126"}],"wp:attachment":[{"href":"https:\/\/hospitality.be\/fr\/wp-json\/wp\/v2\/media?parent=116"}],"curies":[{"name":"wp","href":"https:\/\/api.w.org\/{rel}","templated":true}]}}